{"id":119,"date":"2023-05-17T13:25:21","date_gmt":"2023-05-17T11:25:21","guid":{"rendered":"https:\/\/solariska.pl\/?page_id=119"},"modified":"2025-08-19T21:42:45","modified_gmt":"2025-08-19T19:42:45","slug":"o-mnie","status":"publish","type":"page","link":"https:\/\/solariska.pl\/index.php\/o-mnie\/","title":{"rendered":"O mnie"},"content":{"rendered":"<p>[et_pb_section fb_built=&#8221;1&#8243; _builder_version=&#8221;4.16&#8243; global_colors_info=&#8221;{}&#8221;][et_pb_row _builder_version=&#8221;4.16&#8243; background_size=&#8221;initial&#8221; background_position=&#8221;top_left&#8221; background_repeat=&#8221;repeat&#8221; global_colors_info=&#8221;{}&#8221;][et_pb_column type=&#8221;4_4&#8243; _builder_version=&#8221;4.16&#8243; custom_padding=&#8221;|||&#8221; global_colors_info=&#8221;{}&#8221; custom_padding__hover=&#8221;|||&#8221;][et_pb_text _builder_version=&#8221;4.16&#8243; background_size=&#8221;initial&#8221; background_position=&#8221;top_left&#8221; background_repeat=&#8221;repeat&#8221; global_colors_info=&#8221;{}&#8221;]<\/p>\n<p style=\"text-align: center;\">Cze\u015b\u0107! Jestem Ola. Blogowanie zawsze wydawa\u0142o mi si\u0119 ciekawym zaj\u0119ciem. Od wielu lat planuj\u0119 by\u0107 w\u0142a\u015bcicielk\u0105 tw\u00f3rczego, pi\u0119knego, kreatywnego bloga \u2013 takiego, kt\u00f3ry b\u0119dzie odzwierciedleniem \u017cycia, kt\u00f3re staram si\u0119 prowadzi\u0107 (cho\u0107 bywa r\u00f3\u017cnie). No i w\u0142a\u015bnie teraz stwierdzi\u0142am po raz kolejny: no dobra. Albo raczej: no dobra! <em>Let\u2019s do this<\/em>. Mo\u017ce kto\u015b si\u0119 u\u015bmieje, mo\u017ce kto\u015b si\u0119 zainspiruje, mo\u017ce si\u0119 komu\u015b czasem i \u0142ezka zakr\u0119ci \u2013 ka\u017cdy pozytywny efekt wywo\u0142any s\u0142owem czytanym jest jak najbardziej po\u017c\u0105dany. J<\/p>\n<p style=\"text-align: center;\">Jestem \u017con\u0105 i mam\u0105. Pochodz\u0119 z Bydgoszczy i mieszkam w Poznaniu. Ceni\u0119 sobie <b>spok\u00f3j \u015bwi\u0119ty<\/b>, <b>prostot\u0119 <\/b>i <b>zdrowe<\/b>, <b>\u015bwiadome wybory <\/b>(nie tylko dla cia\u0142a, ale i dla ducha). O tym jak te trzy warto\u015bci porz\u0105dkuj\u0105 moje \u017cycie codzienne b\u0119dzie przewija\u0142o si\u0119 w tre\u015bciach. Jestem wierz\u0105c\u0105 i praktykuj\u0105c\u0105 \ud83d\ude09 chrze\u015bcijank\u0105. Kocham to, jak zmieni\u0142o si\u0119 moje \u017cycie, odk\u0105d zacz\u0119\u0142am budowa\u0107 \u015bwiadom\u0105 relacj\u0119 z Bogiem, a moje \u017cycie wewn\u0119trzne rozkwit\u0142o.<\/p>\n<p style=\"text-align: center;\">Nie lubi\u0119 nudy. Lubi\u0119 kreatywno\u015b\u0107, j\u0119zyki obce, pisanie. Seriale tak\u017ce. Lubi\u0119 walczy\u0107 ze swoimi s\u0142abo\u015bciami, szuka\u0107 prostych rozwi\u0105za\u0144 i udowadnia\u0107, \u017ce wcale nie potrzebujemy a\u017c tak du\u017co, a <b>szcz\u0119\u015bcie <\/b>i <b>spok\u00f3j <\/b>s\u0105\u2026 za darmo, na wyci\u0105gni\u0119cie r\u0119ki.<\/p>\n<p style=\"text-align: center;\">Jeden z moich konik\u00f3w to kosmetyki piel\u0119gnacyjne. Och, jak\u017ce <b>kocham mazid\u0142a.<\/b> W walce o zdrow\u0105 cer\u0119 i w\u0142osy jestem w stanie po\u015bwi\u0119ci\u0107 wiele z\u0142ot\u00f3wek, ale okazuje si\u0119\u2026 \u017ce tutaj tak\u017ce niekoniecznie trzeba w ten spos\u00f3b.<\/p>\n<p style=\"text-align: center;\">Jak tylko w ci\u0105gu dnia ci\u0105gnie mnie do drzemki, rozk\u0142adam mat\u0119 i <b>\u0107wicz\u0119 pilates<\/b>. \u201ePies z g\u0142ow\u0105 w d\u00f3\u0142\u201d daje wi\u0119kszy zastrzyk ni\u017c spanko! Serio. Ponadto uwielbiam <b>rowerowe<\/b> dwa k\u00f3\u0142ka, <b>g\u00f3rskie wycieczki <\/b>i czasami te\u017c <b>bieganko <\/b>(chocia\u017c najtrudniej mi z t\u0105 mi\u0142o\u015bci\u0105).<\/p>\n<p style=\"text-align: center;\"><b>Muzyka<\/b>. Muzyka jest dla mnie bardzo wa\u017cna. Wi\u0119kszo\u015b\u0107 etap\u00f3w mojego \u017cycia ma konkretn\u0105 \u015bcie\u017ck\u0119 d\u017awi\u0119kow\u0105 \ud83d\ude09<\/p>\n<p style=\"text-align: center;\">Stwierdzenie, \u017ce \u017cyj\u0119 \u017cyciem pe\u0142nym pasji jest troch\u0119 na wyrost, ale\u2026 Staram si\u0119 \u017cy\u0107 <strong>\u017cyciem<\/strong> <strong>pe\u0142nym<\/strong>. Po prostu.<\/p>\n<p style=\"text-align: center;\">Przyjemno\u015bci,<\/p>\n<style>\/*! elementor - v3.7.4 - 31-08-2022 *\/<br \/>\n.elementor-widget-image{text-align:center}.elementor-widget-image a{display:inline-block}.elementor-widget-image a img[src$=\".svg\"]{width:48px}.elementor-widget-image img{vertical-align:middle;display:inline-block}<\/style>\n<p><img loading=\"lazy\" decoding=\"async\" src=\"https:\/\/solariska.pl\/wp-content\/uploads\/2023\/05\/cropped-solariska-9-e1684324802675-300x98.png\" sizes=\"auto, (max-width: 300px) 100vw, 300px\" srcset=\"https:\/\/solariska.pl\/wp-content\/uploads\/2023\/05\/cropped-solariska-9-e1684324802675-300x98.png 300w, https:\/\/solariska.pl\/wp-content\/uploads\/2023\/05\/cropped-solariska-9-e1684324802675.png 500w\" alt=\"\" width=\"300\" height=\"98\" \/><\/p>\n<style>\/*! elementor - v3.7.4 - 31-08-2022 *\/<br \/>\n.elementor-widget-social-icons.elementor-grid-0 .elementor-widget-container,.elementor-widget-social-icons.elementor-grid-mobile-0 .elementor-widget-container,.elementor-widget-social-icons.elementor-grid-tablet-0 .elementor-widget-container{line-height:1;font-size:0}.elementor-widget-social-icons:not(.elementor-grid-0):not(.elementor-grid-tablet-0):not(.elementor-grid-mobile-0) .elementor-grid{display:inline-grid}.elementor-widget-social-icons .elementor-grid{grid-column-gap:var(--grid-column-gap,5px);grid-row-gap:var(--grid-row-gap,5px);grid-template-columns:var(--grid-template-columns);-webkit-box-pack:var(--justify-content,center);-ms-flex-pack:var(--justify-content,center);justify-content:var(--justify-content,center);justify-items:var(--justify-content,center)}.elementor-icon.elementor-social-icon{font-size:var(--icon-size,25px);line-height:var(--icon-size,25px);width:calc(var(--icon-size, 25px) + (2 * var(--icon-padding, .5em)));height:calc(var(--icon-size, 25px) + (2 * var(--icon-padding, .5em)))}.elementor-social-icon{--e-social-icon-icon-color:#fff;display:-webkit-inline-box;display:-ms-inline-flexbox;display:inline-flex;background-color:#818a91;-webkit-box-align:center;-ms-flex-align:center;align-items:center;-webkit-box-pack:center;-ms-flex-pack:center;justify-content:center;text-align:center;cursor:pointer}.elementor-social-icon i{color:var(--e-social-icon-icon-color)}.elementor-social-icon svg{fill:var(--e-social-icon-icon-color)}.elementor-social-icon:last-child{margin:0}.elementor-social-icon:hover{opacity:.9;color:#fff}.elementor-social-icon-android{background-color:#a4c639}.elementor-social-icon-apple{background-color:#999}.elementor-social-icon-behance{background-color:#1769ff}.elementor-social-icon-bitbucket{background-color:#205081}.elementor-social-icon-codepen{background-color:#000}.elementor-social-icon-delicious{background-color:#39f}.elementor-social-icon-deviantart{background-color:#05cc47}.elementor-social-icon-digg{background-color:#005be2}.elementor-social-icon-dribbble{background-color:#ea4c89}.elementor-social-icon-elementor{background-color:#d30c5c}.elementor-social-icon-envelope{background-color:#ea4335}.elementor-social-icon-facebook,.elementor-social-icon-facebook-f{background-color:#3b5998}.elementor-social-icon-flickr{background-color:#0063dc}.elementor-social-icon-foursquare{background-color:#2d5be3}.elementor-social-icon-free-code-camp,.elementor-social-icon-freecodecamp{background-color:#006400}.elementor-social-icon-github{background-color:#333}.elementor-social-icon-gitlab{background-color:#e24329}.elementor-social-icon-globe{background-color:#818a91}.elementor-social-icon-google-plus,.elementor-social-icon-google-plus-g{background-color:#dd4b39}.elementor-social-icon-houzz{background-color:#7ac142}.elementor-social-icon-instagram{background-color:#262626}.elementor-social-icon-jsfiddle{background-color:#487aa2}.elementor-social-icon-link{background-color:#818a91}.elementor-social-icon-linkedin,.elementor-social-icon-linkedin-in{background-color:#0077b5}.elementor-social-icon-medium{background-color:#00ab6b}.elementor-social-icon-meetup{background-color:#ec1c40}.elementor-social-icon-mixcloud{background-color:#273a4b}.elementor-social-icon-odnoklassniki{background-color:#f4731c}.elementor-social-icon-pinterest{background-color:#bd081c}.elementor-social-icon-product-hunt{background-color:#da552f}.elementor-social-icon-reddit{background-color:#ff4500}.elementor-social-icon-rss{background-color:#f26522}.elementor-social-icon-shopping-cart{background-color:#4caf50}.elementor-social-icon-skype{background-color:#00aff0}.elementor-social-icon-slideshare{background-color:#0077b5}.elementor-social-icon-snapchat{background-color:#fffc00}.elementor-social-icon-soundcloud{background-color:#f80}.elementor-social-icon-spotify{background-color:#2ebd59}.elementor-social-icon-stack-overflow{background-color:#fe7a15}.elementor-social-icon-steam{background-color:#00adee}.elementor-social-icon-stumbleupon{background-color:#eb4924}.elementor-social-icon-telegram{background-color:#2ca5e0}.elementor-social-icon-thumb-tack{background-color:#1aa1d8}.elementor-social-icon-tripadvisor{background-color:#589442}.elementor-social-icon-tumblr{background-color:#35465c}.elementor-social-icon-twitch{background-color:#6441a5}.elementor-social-icon-twitter{background-color:#1da1f2}.elementor-social-icon-viber{background-color:#665cac}.elementor-social-icon-vimeo{background-color:#1ab7ea}.elementor-social-icon-vk{background-color:#45668e}.elementor-social-icon-weibo{background-color:#dd2430}.elementor-social-icon-weixin{background-color:#31a918}.elementor-social-icon-whatsapp{background-color:#25d366}.elementor-social-icon-wordpress{background-color:#21759b}.elementor-social-icon-xing{background-color:#026466}.elementor-social-icon-yelp{background-color:#af0606}.elementor-social-icon-youtube{background-color:#cd201f}.elementor-social-icon-500px{background-color:#0099e5}.elementor-shape-rounded .elementor-icon.elementor-social-icon{border-radius:10%}.elementor-shape-circle .elementor-icon.elementor-social-icon{border-radius:50%}<\/style>\n<p><a href=\"http:\/\/www.instagram.com\/solariska_pl\" target=\"_blank\" rel=\"noopener\"><br \/>\nInstagram<br \/>\n<\/a><br \/>\n<a target=\"_blank\" rel=\"noopener\"><br \/>\nPinterest<br \/>\n<\/a><br \/>\n[\/et_pb_text][\/et_pb_column][\/et_pb_row][\/et_pb_section]<\/p>\n","protected":false},"excerpt":{"rendered":"<p>[et_pb_section fb_built=&#8221;1&#8243; _builder_version=&#8221;4.16&#8243; global_colors_info=&#8221;{}&#8221;][et_pb_row _builder_version=&#8221;4.16&#8243; background_size=&#8221;initial&#8221; background_position=&#8221;top_left&#8221; background_repeat=&#8221;repeat&#8221; global_colors_info=&#8221;{}&#8221;][et_pb_column type=&#8221;4_4&#8243; _builder_version=&#8221;4.16&#8243; custom_padding=&#8221;|||&#8221; global_colors_info=&#8221;{}&#8221; custom_padding__hover=&#8221;|||&#8221;][et_pb_text _builder_version=&#8221;4.16&#8243; background_size=&#8221;initial&#8221; background_position=&#8221;top_left&#8221; background_repeat=&#8221;repeat&#8221; global_colors_info=&#8221;{}&#8221;] Cze\u015b\u0107! Jestem Ola. Blogowanie&hellip;<\/p>\n","protected":false},"author":1,"featured_media":0,"parent":0,"menu_order":0,"comment_status":"closed","ping_status":"closed","template":"","meta":{"footnotes":""},"class_list":["post-119","page","type-page","status-publish","hentry"],"_links":{"self":[{"href":"https:\/\/solariska.pl\/index.php\/wp-json\/wp\/v2\/pages\/119","targetHints":{"allow":["GET"]}}],"collection":[{"href":"https:\/\/solariska.pl\/index.php\/wp-json\/wp\/v2\/pages"}],"about":[{"href":"https:\/\/solariska.pl\/index.php\/wp-json\/wp\/v2\/types\/page"}],"author":[{"embeddable":true,"href":"https:\/\/solariska.pl\/index.php\/wp-json\/wp\/v2\/users\/1"}],"replies":[{"embeddable":true,"href":"https:\/\/solariska.pl\/index.php\/wp-json\/wp\/v2\/comments?post=119"}],"version-history":[{"count":22,"href":"https:\/\/solariska.pl\/index.php\/wp-json\/wp\/v2\/pages\/119\/revisions"}],"predecessor-version":[{"id":204,"href":"https:\/\/solariska.pl\/index.php\/wp-json\/wp\/v2\/pages\/119\/revisions\/204"}],"wp:attachment":[{"href":"https:\/\/solariska.pl\/index.php\/wp-json\/wp\/v2\/media?parent=119"}],"curies":[{"name":"wp","href":"https:\/\/api.w.org\/{rel}","templated":true}]}}